{"id":745,"date":"2025-08-19T10:28:43","date_gmt":"2025-08-19T10:28:43","guid":{"rendered":"https:\/\/navigoadfutura.com\/cookie-policy\/"},"modified":"2026-02-16T10:12:51","modified_gmt":"2026-02-16T10:12:51","slug":"cookie-policy","status":"publish","type":"page","link":"https:\/\/navigoadfutura.com\/en\/cookie-policy\/","title":{"rendered":"Cookie Policy"},"content":{"rendered":"<p>[et_pb_section fb_built=&#8221;1&#8243; custom_padding_last_edited=&#8221;on|phone&#8221; module_id=&#8221;Hero&#8221; _builder_version=&#8221;4.27.4&#8243; _module_preset=&#8221;default&#8221; background_color=&#8221;#000000&#8243; background_enable_image=&#8221;off&#8221; background_blend=&#8221;multiply&#8221; max_width=&#8221;100%&#8221; module_alignment=&#8221;center&#8221; custom_padding=&#8221;90px||90px||true|false&#8221; custom_padding_tablet=&#8221;80px||80px||false|false&#8221; custom_padding_phone=&#8221;60px||60px||false|false&#8221; animation_style=&#8221;fade&#8221; border_radii_tablet=&#8221;on|40px|40px|40px|40px&#8221; border_radii_phone=&#8221;on|30px|30px|30px|30px&#8221; border_radii_last_edited=&#8221;on|phone&#8221; locked=&#8221;off&#8221; global_colors_info=&#8221;{}&#8221;][et_pb_row _builder_version=&#8221;4.24.0&#8243; _module_preset=&#8221;default&#8221; width=&#8221;90%&#8221; width_tablet=&#8221;90%&#8221; width_phone=&#8221;90%&#8221; width_last_edited=&#8221;on|phone&#8221; max_width=&#8221;90%&#8221; animation_style=&#8221;fade&#8221; animation_delay=&#8221;500ms&#8221; animation_speed_curve=&#8221;ease&#8221; custom_css_main_element=&#8221;display: flex;||align-items: center;&#8221; global_colors_info=&#8221;{}&#8221; width__hover=&#8221;90%&#8221; width__hover_enabled=&#8221;on|desktop&#8221; custom_css_main_element_tablet=&#8221;display: inherit;||align-items: inherit;&#8221; custom_css_main_element_phone=&#8221;display: inherit;||align-items: inherit;&#8221; custom_css_main_element_last_edited=&#8221;on|tablet&#8221;][et_pb_column type=&#8221;4_4&#8243; _builder_version=&#8221;4.24.0&#8243; _module_preset=&#8221;default&#8221; global_colors_info=&#8221;{}&#8221;][et_pb_text _builder_version=&#8221;4.27.4&#8243; _module_preset=&#8221;default&#8221; header_font=&#8221;Questrial|700|||||||&#8221; header_text_align=&#8221;left&#8221; header_text_color=&#8221;#FFFFFF&#8221; header_font_size=&#8221;52px&#8221; custom_margin=&#8221;0px||12px||false|false&#8221; custom_padding=&#8221;0px||0px||false|false&#8221; animation_style=&#8221;slide&#8221; animation_direction=&#8221;bottom&#8221; animation_delay=&#8221;600ms&#8221; animation_intensity_slide=&#8221;10%&#8221; animation_speed_curve=&#8221;ease&#8221; header_font_size_tablet=&#8221;48px&#8221; header_font_size_phone=&#8221;44px&#8221; header_font_size_last_edited=&#8221;on|phone&#8221; global_colors_info=&#8221;{}&#8221;]<\/p>\n<h1><strong>Cookie Policy<\/strong><\/h1>\n<p>[\/et_pb_text][et_pb_button button_url=&#8221;#Formulario&#8221; button_text=&#8221;More information&#8221; button_alignment=&#8221;left&#8221; _builder_version=&#8221;4.27.4&#8243; _module_preset=&#8221;default&#8221; custom_button=&#8221;on&#8221; button_text_size=&#8221;16px&#8221; button_text_color=&#8221;#000000&#8243; button_bg_color=&#8221;#e9ab17&#8243; button_border_color=&#8221;#ffb435&#8243; button_border_radius=&#8221;10px&#8221; button_font=&#8221;Questrial|700|||||||&#8221; button_use_icon=&#8221;off&#8221; custom_margin=&#8221;0px||0px||false|false&#8221; custom_padding=&#8221;12px|65px|12px|65px|false|false&#8221; animation_style=&#8221;slide&#8221; animation_direction=&#8221;bottom&#8221; animation_delay=&#8221;700ms&#8221; animation_intensity_slide=&#8221;20%&#8221; animation_speed_curve=&#8221;ease&#8221; global_colors_info=&#8221;{}&#8221; button_text_color__hover_enabled=&#8221;on|hover&#8221; button_text_color__hover=&#8221;#000000&#8243; button_bg_color__hover_enabled=&#8221;on|desktop&#8221; button_bg_color__hover=&#8221;#FFFFFF&#8221; button_bg_enable_color__hover=&#8221;on&#8221; button_letter_spacing__hover_enabled=&#8221;on|hover&#8221; button_letter_spacing__hover=&#8221;0px&#8221; button_border_color__hover=&#8221;#FFFFFF&#8221; button_border_color__hover_enabled=&#8221;on|hover&#8221;][\/et_pb_button][\/et_pb_column][\/et_pb_row][\/et_pb_section][et_pb_section fb_built=&#8221;1&#8243; _builder_version=&#8221;4.27.4&#8243; _module_preset=&#8221;default&#8221; background_color=&#8221;#000000&#8243; background_enable_image=&#8221;off&#8221; background_blend=&#8221;multiply&#8221; custom_margin=&#8221;0px||0px||false|false&#8221; animation_style=&#8221;fade&#8221; animation_speed_curve=&#8221;ease&#8221; locked=&#8221;off&#8221; global_colors_info=&#8221;{}&#8221;][et_pb_row _builder_version=&#8221;4.27.4&#8243; _module_preset=&#8221;default&#8221; max_width=&#8221;80%&#8221; animation_style=&#8221;fade&#8221; global_colors_info=&#8221;{}&#8221; custom_css_main_element_last_edited=&#8221;on|phone&#8221; custom_css_main_element_tablet=&#8221;display: inherit;||align-items: inherit;&#8221; custom_css_main_element_phone=&#8221;display: inherit;||align-items: inherit;&#8221;][et_pb_column type=&#8221;4_4&#8243; _builder_version=&#8221;4.27.4&#8243; _module_preset=&#8221;default&#8221; global_colors_info=&#8221;{}&#8221;][et_pb_text _builder_version=&#8221;4.27.4&#8243; _module_preset=&#8221;default&#8221; text_font=&#8221;Questrial||||||||&#8221; text_text_color=&#8221;#FFFFFF&#8221; text_font_size=&#8221;16px&#8221; text_line_height=&#8221;1.4em&#8221; header_2_text_color=&#8221;#FFFFFF&#8221; header_2_line_height=&#8221;1.2em&#8221; max_width=&#8221;540px&#8221; max_width_tablet=&#8221;100%&#8221; max_width_phone=&#8221;100%&#8221; max_width_last_edited=&#8221;on|tablet&#8221; custom_padding=&#8221;0px||0px||false|false&#8221; global_colors_info=&#8221;{}&#8221;]<\/p>\n<h2 style=\"text-align: left;\">Please read our &#8220;<strong>Cookie Policy<\/strong>&#8221; carefully for a better user experience.<\/h2>\n<p>[\/et_pb_text][et_pb_text _builder_version=&#8221;4.27.4&#8243; _module_preset=&#8221;default&#8221; text_font=&#8221;Questrial||||||||&#8221; text_text_color=&#8221;#FFFFFF&#8221; text_font_size=&#8221;18px&#8221; text_line_height=&#8221;1.6em&#8221; link_font=&#8221;Questrial|700|||||||&#8221; link_text_color=&#8221;#e9ab17&#8243; header_text_color=&#8221;#FFFFFF&#8221; header_3_text_color=&#8221;#FFFFFF&#8221; header_5_text_color=&#8221;#FFFFFF&#8221; max_width_tablet=&#8221;100%&#8221; max_width_phone=&#8221;100%&#8221; max_width_last_edited=&#8221;on|tablet&#8221; custom_margin=&#8221;0px||0px||false|false&#8221; custom_padding=&#8221;0px||0px||false|false&#8221; hover_enabled=&#8221;0&#8243; locked=&#8221;off&#8221; global_colors_info=&#8221;{}&#8221; sticky_enabled=&#8221;0&#8243;]<\/p>\n<h3><strong>1. Definition and functions of cookies.<\/strong><\/h3>\n<p class=\"p1\">A cookie is a file that is downloaded to a user&#8217;s computer when accessing certain websites. Cookies allow websites, among other things, to store and retrieve information about the user&#8217;s browsing habits or their computer and, depending on the information they contain and the user&#8217;s use of their computer, they can be used to recognize the user.<\/p>\n<h3 class=\"p1\"><strong>2. Types of cookies that this website may use.<\/strong><\/h3>\n<h5 class=\"p1\"><strong>Cookies propias<\/strong><\/h5>\n<div class=\"elementor-element elementor-element-a7a65ff elementor-widget elementor-widget-rt-simple-table\" data-id=\"a7a65ff\" data-element_type=\"widget\" data-widget_type=\"rt-simple-table.default\">\n<div class=\"elementor-widget-container\">\n<table class=\"table rt-simple-table table-striped\">\n<thead>\n<tr>\n<td scope=\"row\">Cookie name<\/td>\n<td>Description<\/td>\n<\/tr>\n<\/thead>\n<tbody>\n<tr>\n<td scope=\"row\">cookielawinfo-checkbox-*<\/td>\n<td>Used to determine whether to display the cookie acceptance banner. Duration: 1 hour.<\/td>\n<\/tr>\n<tr>\n<td scope=\"row\">CookieLawInfoConsent<\/td>\n<td>Used to store whether the user has accepted the cookie policy. Duration: 1 year.<\/td>\n<\/tr>\n<tr>\n<td scope=\"row\">viewed_cookie_policy<\/td>\n<td>It is used to store whether the user has viewed the cookie policy.<\/td>\n<\/tr>\n<tr>\n<td scope=\"row\">pll_language<\/td>\n<td>Determines the default language of the website.<\/td>\n<\/tr>\n<\/tbody>\n<\/table>\n<\/div>\n<\/div>\n<div class=\"elementor-element elementor-element-ca6414c elementor-widget elementor-widget-text-editor\" data-id=\"ca6414c\" data-element_type=\"widget\" data-widget_type=\"text-editor.default\">\n<div class=\"elementor-widget-container\">\n<div class=\"elementor-text-editor elementor-clearfix\">\n<h5><strong>Third-party cookies<\/strong><\/h5>\n<\/div>\n<\/div>\n<\/div>\n<div class=\"elementor-element elementor-element-097e287 elementor-widget elementor-widget-rt-simple-table\" data-id=\"097e287\" data-element_type=\"widget\" data-widget_type=\"rt-simple-table.default\">\n<div class=\"elementor-widget-container\">\n<table class=\"table rt-simple-table table-striped\">\n<thead>\n<tr>\n<td scope=\"row\">Cookie name<\/td>\n<td>Description<\/td>\n<\/tr>\n<\/thead>\n<tbody>\n<tr>\n<td scope=\"row\">cookielawinfo-checkboxnon-necessary<\/td>\n<td>Used to distinguish users. It lasts for 1 hour.<\/td>\n<\/tr>\n<tr>\n<td scope=\"row\">_ga<\/td>\n<td>Used to distinguish users. It lasts for 2 years.<\/td>\n<\/tr>\n<tr>\n<td scope=\"row\">_gat_gtag_UA_162987820_1<\/td>\n<td>This Google Analytics session cookie is for analysis purposes and is used to measure how users interact with our website.<\/td>\n<\/tr>\n<tr>\n<td scope=\"row\">NID<\/td>\n<td>This cookie contains a unique ID that Google uses to remember your preferences and other information, such as your preferred language, how many search results you wish to see per page (e.g., 10 or 20), and whether you wish to have the Google SafeSearch filter turned on or off. The cookie lasts for 6 months.<\/td>\n<\/tr>\n<tr>\n<td scope=\"row\">1P_JAR<\/td>\n<td>Google cookie. Used to collect website statistics and track conversion rates. The cookie lasts for one month.<\/td>\n<\/tr>\n<tr>\n<td scope=\"row\">CONSENT<\/td>\n<td>Google consent cookie of indefinite duration.<\/td>\n<\/tr>\n<tr>\n<td scope=\"row\">DV<\/td>\n<td>It is used by Google to provide services and extract anonymous browsing information. It lasts 24 hours.<\/td>\n<\/tr>\n<\/tbody>\n<\/table>\n<\/div>\n<\/div>\n<h3 class=\"p1\"><strong>3. Embedded content from other websites<\/strong><\/h3>\n<p class=\"p1\">Los art\u00edculos de este sitio pueden incluir contenido incrustado (por ejemplo, v\u00eddeos, im\u00e1genes, art\u00edculos, etc.). El contenido incrustado de otras webs se comporta exactamente de la misma manera que si el visitante hubiera visitado la otra web.<\/p>\n<p>Estas webs de terceros pueden recopilar datos sobre ti, utilizar cookies, incrustar un seguimiento adicional de terceros, y supervisar tu interacci\u00f3n con ese contenido incrustado, incluido el seguimiento de tu interacci\u00f3n con el contenido incrustado si tienes una cuenta y est\u00e1s conectado a esa web.<\/p>\n<h3><strong>4. Revocation and deletion of cookies.<\/strong><\/h3>\n<p class=\"p1\">The User may allow, block, or delete cookies installed on their device by configuring the options of their browser. If they do not allow the installation of cookies in their browser, they may not be able to access some sections of the Website. Information on how to configure cookies according to the browser used can be found at the following links (links valid at the time of this text&#8217;s publication).<\/p>\n<p class=\"p1\">For more information on how to block the use of cookies in <strong>Chrome<\/strong><br \/><a href=\"http:\/\/support.google.com\/chrome\/bin\/answer.py?hl=es&amp;amp;answer=95647\">http:\/\/support.google.com\/chrome\/bin\/answer.py?hl=es&amp;amp;answer=95647<\/a><\/p>\n<p class=\"p1\">For more information on how to block the use of cookies in <strong>Firefox<\/strong><br \/><a href=\"http:\/\/support.mozilla.org\/es\/kb\/habilitar-y-deshabilitar-cookies-que-los-sitios-we\">http:\/\/support.mozilla.org\/es\/kb\/habilitar-y-deshabilitar-cookies-que-los-sitios-we<\/a><\/p>\n<p class=\"p1\">For more information on how to block the use of cookies in <strong>Edge<\/strong><br \/><a href=\"https:\/\/support.microsoft.com\/es-es\/windows?ui=es-ES&amp;amp;rs=es-ES&amp;amp;ad=ES\">https:\/\/support.microsoft.com\/es-es\/windows?ui=es-ES&amp;amp;rs=es-ES&amp;amp;ad=ES<\/a><\/p>\n<p>For more information on how to block the use of cookies on <strong>Safari<\/strong><br \/><a href=\"http:\/\/support.apple.com\/kb\/ph5042\">http:\/\/support.apple.com\/kb\/ph504<\/a>\u00a0<\/p>\n<p class=\"p1\">For more information about the use of cookies on this Website, the User can request it through the contact form or <a href=\"mailto:tolo@bcs.company\">tolo@bcs.company<\/a><\/p>\n<p class=\"p1\">This policy was modified as of October 1, 2025.<\/p>\n<p>[\/et_pb_text][et_pb_button button_url=&#8221;https:\/\/navigoadfutura.com\/en\/&#8221; button_text=&#8221;Return to the beginning&#8221; _builder_version=&#8221;4.27.4&#8243; _module_preset=&#8221;default&#8221; custom_button=&#8221;on&#8221; button_text_size=&#8221;16px&#8221; button_text_color=&#8221;#000000&#8243; button_bg_color=&#8221;#e9ab17&#8243; button_border_color=&#8221;#e9ab17&#8243; button_border_radius=&#8221;10px&#8221; button_font=&#8221;Questrial|700|||||||&#8221; button_use_icon=&#8221;off&#8221; custom_margin=&#8221;5%||||false|false&#8221; custom_padding=&#8221;13px|35px|13px|35px|true|true&#8221; locked=&#8221;off&#8221; global_colors_info=&#8221;{}&#8221; button_text_color__hover=&#8221;#e9ab17&#8243; button_text_color__hover_enabled=&#8221;on|hover&#8221; button_bg_color__hover=&#8221;#FFFFFF&#8221; button_bg_color__hover_enabled=&#8221;on|hover&#8221; button_border_color__hover=&#8221;#FFFFFF&#8221; button_border_color__hover_enabled=&#8221;on|hover&#8221; button_letter_spacing__hover=&#8221;0px&#8221; button_letter_spacing__hover_enabled=&#8221;on|hover&#8221; button_custom_margin_tablet=&#8221;25px||0px||false|false&#8221; button_custom_margin_phone=&#8221;0px||0px||false|false&#8221; button_custom_margin_last_edited=&#8221;on|phone&#8221; button_bg_enable_color__hover=&#8221;on&#8221;][\/et_pb_button][\/et_pb_column][\/et_pb_row][\/et_pb_section]<\/p>\n","protected":false},"excerpt":{"rendered":"<p>Cookie PolicyPlease read our &#8220;Cookie Policy&#8221; carefully for a better user experience.1. Definition and functions of cookies. A cookie is a file that is downloaded to a user&#8217;s computer when accessing certain websites. Cookies allow websites, among other things, to store and retrieve information about the user&#8217;s browsing habits or their computer and, depending on [&hellip;]<\/p>\n","protected":false},"author":1,"featured_media":0,"parent":0,"menu_order":0,"comment_status":"closed","ping_status":"closed","template":"","meta":{"_et_pb_use_builder":"on","_et_pb_old_content":"","_et_gb_content_width":"","footnotes":""},"class_list":["post-745","page","type-page","status-publish","hentry"],"yoast_head":"<!-- This site is optimized with the Yoast SEO plugin v27.0 - https:\/\/yoast.com\/product\/yoast-seo-wordpress\/ -->\n<title>Cookie Policy - Navigo ad Futura<\/title>\n<meta name=\"robots\" content=\"noindex, nofollow\" \/>\n<meta property=\"og:locale\" content=\"en_US\" \/>\n<meta property=\"og:type\" content=\"article\" \/>\n<meta property=\"og:title\" content=\"Cookie Policy - Navigo ad Futura\" \/>\n<meta property=\"og:description\" content=\"Cookie PolicyPlease read our &quot;Cookie Policy&quot; carefully for a better user experience.1. Definition and functions of cookies. A cookie is a file that is downloaded to a user&#039;s computer when accessing certain websites. Cookies allow websites, among other things, to store and retrieve information about the user&#039;s browsing habits or their computer and, depending on [&hellip;]\" \/>\n<meta property=\"og:url\" content=\"https:\/\/navigoadfutura.com\/en\/cookie-policy\/\" \/>\n<meta property=\"og:site_name\" content=\"Navigo ad Futura\" \/>\n<meta property=\"article:modified_time\" content=\"2026-02-16T10:12:51+00:00\" \/>\n<meta name=\"twitter:card\" content=\"summary_large_image\" \/>\n<meta name=\"twitter:label1\" content=\"Est. reading time\" \/>\n\t<meta name=\"twitter:data1\" content=\"7 minutes\" \/>\n<script type=\"application\/ld+json\" class=\"yoast-schema-graph\">{\"@context\":\"https:\/\/schema.org\",\"@graph\":[{\"@type\":\"WebPage\",\"@id\":\"https:\/\/navigoadfutura.com\/en\/cookie-policy\/\",\"url\":\"https:\/\/navigoadfutura.com\/en\/cookie-policy\/\",\"name\":\"Cookie Policy - Navigo ad Futura\",\"isPartOf\":{\"@id\":\"https:\/\/navigoadfutura.com\/en\/#website\"},\"datePublished\":\"2025-08-19T10:28:43+00:00\",\"dateModified\":\"2026-02-16T10:12:51+00:00\",\"breadcrumb\":{\"@id\":\"https:\/\/navigoadfutura.com\/en\/cookie-policy\/#breadcrumb\"},\"inLanguage\":\"en-US\",\"potentialAction\":[{\"@type\":\"ReadAction\",\"target\":[\"https:\/\/navigoadfutura.com\/en\/cookie-policy\/\"]}]},{\"@type\":\"BreadcrumbList\",\"@id\":\"https:\/\/navigoadfutura.com\/en\/cookie-policy\/#breadcrumb\",\"itemListElement\":[{\"@type\":\"ListItem\",\"position\":1,\"name\":\"Portada\",\"item\":\"https:\/\/navigoadfutura.com\/en\/\"},{\"@type\":\"ListItem\",\"position\":2,\"name\":\"Cookie Policy\"}]},{\"@type\":\"WebSite\",\"@id\":\"https:\/\/navigoadfutura.com\/en\/#website\",\"url\":\"https:\/\/navigoadfutura.com\/en\/\",\"name\":\"Navigo ad Futura\",\"description\":\"Strategic Business Consulting\",\"potentialAction\":[{\"@type\":\"SearchAction\",\"target\":{\"@type\":\"EntryPoint\",\"urlTemplate\":\"https:\/\/navigoadfutura.com\/en\/?s={search_term_string}\"},\"query-input\":{\"@type\":\"PropertyValueSpecification\",\"valueRequired\":true,\"valueName\":\"search_term_string\"}}],\"inLanguage\":\"en-US\"}]}<\/script>\n<!-- \/ Yoast SEO plugin. -->","yoast_head_json":{"title":"Cookie Policy - Navigo ad Futura","robots":{"index":"noindex","follow":"nofollow"},"og_locale":"en_US","og_type":"article","og_title":"Cookie Policy - Navigo ad Futura","og_description":"Cookie PolicyPlease read our \"Cookie Policy\" carefully for a better user experience.1. Definition and functions of cookies. A cookie is a file that is downloaded to a user's computer when accessing certain websites. Cookies allow websites, among other things, to store and retrieve information about the user's browsing habits or their computer and, depending on [&hellip;]","og_url":"https:\/\/navigoadfutura.com\/en\/cookie-policy\/","og_site_name":"Navigo ad Futura","article_modified_time":"2026-02-16T10:12:51+00:00","twitter_card":"summary_large_image","twitter_misc":{"Est. reading time":"7 minutes"},"schema":{"@context":"https:\/\/schema.org","@graph":[{"@type":"WebPage","@id":"https:\/\/navigoadfutura.com\/en\/cookie-policy\/","url":"https:\/\/navigoadfutura.com\/en\/cookie-policy\/","name":"Cookie Policy - Navigo ad Futura","isPartOf":{"@id":"https:\/\/navigoadfutura.com\/en\/#website"},"datePublished":"2025-08-19T10:28:43+00:00","dateModified":"2026-02-16T10:12:51+00:00","breadcrumb":{"@id":"https:\/\/navigoadfutura.com\/en\/cookie-policy\/#breadcrumb"},"inLanguage":"en-US","potentialAction":[{"@type":"ReadAction","target":["https:\/\/navigoadfutura.com\/en\/cookie-policy\/"]}]},{"@type":"BreadcrumbList","@id":"https:\/\/navigoadfutura.com\/en\/cookie-policy\/#breadcrumb","itemListElement":[{"@type":"ListItem","position":1,"name":"Portada","item":"https:\/\/navigoadfutura.com\/en\/"},{"@type":"ListItem","position":2,"name":"Cookie Policy"}]},{"@type":"WebSite","@id":"https:\/\/navigoadfutura.com\/en\/#website","url":"https:\/\/navigoadfutura.com\/en\/","name":"Navigo ad Futura","description":"Strategic Business Consulting","potentialAction":[{"@type":"SearchAction","target":{"@type":"EntryPoint","urlTemplate":"https:\/\/navigoadfutura.com\/en\/?s={search_term_string}"},"query-input":{"@type":"PropertyValueSpecification","valueRequired":true,"valueName":"search_term_string"}}],"inLanguage":"en-US"}]}},"_links":{"self":[{"href":"https:\/\/navigoadfutura.com\/en\/wp-json\/wp\/v2\/pages\/745","targetHints":{"allow":["GET"]}}],"collection":[{"href":"https:\/\/navigoadfutura.com\/en\/wp-json\/wp\/v2\/pages"}],"about":[{"href":"https:\/\/navigoadfutura.com\/en\/wp-json\/wp\/v2\/types\/page"}],"author":[{"embeddable":true,"href":"https:\/\/navigoadfutura.com\/en\/wp-json\/wp\/v2\/users\/1"}],"replies":[{"embeddable":true,"href":"https:\/\/navigoadfutura.com\/en\/wp-json\/wp\/v2\/comments?post=745"}],"version-history":[{"count":4,"href":"https:\/\/navigoadfutura.com\/en\/wp-json\/wp\/v2\/pages\/745\/revisions"}],"predecessor-version":[{"id":796,"href":"https:\/\/navigoadfutura.com\/en\/wp-json\/wp\/v2\/pages\/745\/revisions\/796"}],"wp:attachment":[{"href":"https:\/\/navigoadfutura.com\/en\/wp-json\/wp\/v2\/media?parent=745"}],"curies":[{"name":"wp","href":"https:\/\/api.w.org\/{rel}","templated":true}]}}